{"id":611,"date":"2020-08-26T16:45:07","date_gmt":"2020-08-26T16:45:07","guid":{"rendered":"https:\/\/nuage.recherche.usherbrooke.ca\/?page_id=611"},"modified":"2025-10-01T10:46:01","modified_gmt":"2025-10-01T14:46:01","slug":"activites-en-cours","status":"publish","type":"page","link":"https:\/\/nuage.recherche.usherbrooke.ca\/en\/activites-en-cours\/","title":{"rendered":"Scientific Development Activities"},"content":{"rendered":"<div data-elementor-type=\"wp-page\" data-elementor-id=\"611\" class=\"elementor elementor-611\">\n\t\t\t\t\t\t<section class=\"elementor-section elementor-top-section elementor-element elementor-element-1b0a5d33 elementor-section-boxed elementor-section-height-default elementor-section-height-default\" data-id=\"1b0a5d33\" data-element_type=\"section\" data-e-type=\"section\" data-settings=\"{&quot;background_background&quot;:&quot;classic&quot;}\">\n\t\t\t\t\t\t\t<div class=\"elementor-background-overlay\"><\/div>\n\t\t\t\t\t\t\t<div class=\"elementor-container elementor-column-gap-default\">\n\t\t\t\t\t<div class=\"elementor-column elementor-col-100 elementor-top-column elementor-element elementor-element-1f841ba\" data-id=\"1f841ba\" data-element_type=\"column\" data-e-type=\"column\">\n\t\t\t<div class=\"elementor-widget-wrap elementor-element-populated\">\n\t\t\t\t\t\t<div class=\"elementor-element elementor-element-365ba0bd elementor-widget elementor-widget-heading\" data-id=\"365ba0bd\" data-element_type=\"widget\" data-e-type=\"widget\" data-widget_type=\"heading.default\">\n\t\t\t\t<div class=\"elementor-widget-container\">\n\t\t\t\t\t<h1 class=\"elementor-heading-title elementor-size-default\">Scientific Development Activities<\/h1>\t\t\t\t<\/div>\n\t\t\t\t<\/div>\n\t\t\t\t\t<\/div>\n\t\t<\/div>\n\t\t\t\t\t<\/div>\n\t\t<\/section>\n\t\t\t\t<section class=\"elementor-section elementor-top-section elementor-element elementor-element-bce866c elementor-section-boxed elementor-section-height-default elementor-section-height-default\" data-id=\"bce866c\" data-element_type=\"section\" data-e-type=\"section\">\n\t\t\t\t\t\t<div class=\"elementor-container elementor-column-gap-default\">\n\t\t\t\t\t<div class=\"elementor-column elementor-col-100 elementor-top-column elementor-element elementor-element-e61a334\" data-id=\"e61a334\" data-element_type=\"column\" data-e-type=\"column\">\n\t\t\t<div class=\"elementor-widget-wrap elementor-element-populated\">\n\t\t\t\t\t\t<div class=\"elementor-element elementor-element-af63683 elementor-widget elementor-widget-heading\" data-id=\"af63683\" data-element_type=\"widget\" data-e-type=\"widget\" data-widget_type=\"heading.default\">\n\t\t\t\t<div class=\"elementor-widget-container\">\n\t\t\t\t\t<span class=\"elementor-heading-title elementor-size-default\"><b>Last update: <\/b>1 Octobre  2025<\/span>\t\t\t\t<\/div>\n\t\t\t\t<\/div>\n\t\t\t\t\t<\/div>\n\t\t<\/div>\n\t\t\t\t\t<\/div>\n\t\t<\/section>\n\t\t\t\t<section class=\"elementor-section elementor-top-section elementor-element elementor-element-47e461a elementor-section-boxed elementor-section-height-default elementor-section-height-default\" data-id=\"47e461a\" data-element_type=\"section\" data-e-type=\"section\" data-settings=\"{&quot;background_background&quot;:&quot;classic&quot;}\">\n\t\t\t\t\t\t<div class=\"elementor-container elementor-column-gap-default\">\n\t\t\t\t\t<div class=\"elementor-column elementor-col-100 elementor-top-column elementor-element elementor-element-73a65ac\" data-id=\"73a65ac\" data-element_type=\"column\" data-e-type=\"column\">\n\t\t\t<div class=\"elementor-widget-wrap elementor-element-populated\">\n\t\t\t\t\t\t<div class=\"elementor-element elementor-element-5b1048d elementor-widget elementor-widget-text-editor\" data-id=\"5b1048d\" data-element_type=\"widget\" data-e-type=\"widget\" data-widget_type=\"text-editor.default\">\n\t\t\t\t<div class=\"elementor-widget-container\">\n\t\t\t\t\t\t\t\t\t<p>Scientific development activities aim to promote the use of the NuAge Database and Biobank by Quebec, Canada and international researchers, as well as to enrich the Banks with new research data, from the completion of secondary research projects or as part of a partnership agreement.<\/p>\t\t\t\t\t\t\t\t<\/div>\n\t\t\t\t<\/div>\n\t\t\t\t\t<\/div>\n\t\t<\/div>\n\t\t\t\t\t<\/div>\n\t\t<\/section>\n\t\t\t\t<section class=\"elementor-section elementor-top-section elementor-element elementor-element-55ae00e elementor-section-boxed elementor-section-height-default elementor-section-height-default\" data-id=\"55ae00e\" data-element_type=\"section\" data-e-type=\"section\">\n\t\t\t\t\t\t<div class=\"elementor-container elementor-column-gap-default\">\n\t\t\t\t\t<div class=\"elementor-column elementor-col-100 elementor-top-column elementor-element elementor-element-6c0ed94\" data-id=\"6c0ed94\" data-element_type=\"column\" data-e-type=\"column\">\n\t\t\t<div class=\"elementor-widget-wrap elementor-element-populated\">\n\t\t\t\t\t\t<div class=\"elementor-element elementor-element-687fd35 elementor-widget elementor-widget-heading\" data-id=\"687fd35\" data-element_type=\"widget\" data-e-type=\"widget\" data-widget_type=\"heading.default\">\n\t\t\t\t<div class=\"elementor-widget-container\">\n\t\t\t\t\t<h2 class=\"elementor-heading-title elementor-size-default\">Ongoing<\/h2>\t\t\t\t<\/div>\n\t\t\t\t<\/div>\n\t\t\t\t<section class=\"elementor-section elementor-inner-section elementor-element elementor-element-80f2f53 elementor-section-boxed elementor-section-height-default elementor-section-height-default\" data-id=\"80f2f53\" data-element_type=\"section\" data-e-type=\"section\">\n\t\t\t\t\t\t<div class=\"elementor-container elementor-column-gap-default\">\n\t\t\t\t\t<div class=\"elementor-column elementor-col-100 elementor-inner-column elementor-element elementor-element-46883f8\" data-id=\"46883f8\" data-element_type=\"column\" data-e-type=\"column\">\n\t\t\t<div class=\"elementor-widget-wrap elementor-element-populated\">\n\t\t\t\t\t\t<div class=\"elementor-element elementor-element-ab038ad elementor-widget elementor-widget-text-editor\" data-id=\"ab038ad\" data-element_type=\"widget\" data-e-type=\"widget\" data-widget_type=\"text-editor.default\">\n\t\t\t\t<div class=\"elementor-widget-container\">\n\t\t\t\t\t\t\t\t\t<h3>Follow-up of the NuAge Survivor Cohort<\/h3>\t\t\t\t\t\t\t\t<\/div>\n\t\t\t\t<\/div>\n\t\t\t\t<div class=\"elementor-element elementor-element-3b6a15a elementor-widget elementor-widget-text-editor\" data-id=\"3b6a15a\" data-element_type=\"widget\" data-e-type=\"widget\" data-widget_type=\"text-editor.default\">\n\t\t\t\t<div class=\"elementor-widget-container\">\n\t\t\t\t\t\t\t\t\t<div class=\"no-margin\"><p>NuAge has initiated preparations for a fourth and final follow-up with approximately 350 participants from the original cohort who are still alive, autonomous, and aged 87 and older. These older adults, rigorously assessed in terms of nutrition, clinical health, cognition, and functional status, will be visited at home thanks to a specially equipped Mobile Unit designed for research outside traditional research centers. This approach aims to reduce mobility-related barriers and ensure optimal participation. The data collected, combined with medico-administrative information (medical visits, hospitalizations, prescriptions), will help deepen our understanding of longevity trajectories.<\/p><\/div>\t\t\t\t\t\t\t\t<\/div>\n\t\t\t\t<\/div>\n\t\t\t\t\t<\/div>\n\t\t<\/div>\n\t\t\t\t\t<\/div>\n\t\t<\/section>\n\t\t\t\t\t<\/div>\n\t\t<\/div>\n\t\t\t\t\t<\/div>\n\t\t<\/section>\n\t\t\t\t<section class=\"elementor-section elementor-top-section elementor-element elementor-element-b7c6b76 elementor-section-boxed elementor-section-height-default elementor-section-height-default\" data-id=\"b7c6b76\" data-element_type=\"section\" data-e-type=\"section\">\n\t\t\t\t\t\t<div class=\"elementor-container elementor-column-gap-default\">\n\t\t\t\t\t<div class=\"elementor-column elementor-col-100 elementor-top-column elementor-element elementor-element-bfca528\" data-id=\"bfca528\" data-element_type=\"column\" data-e-type=\"column\">\n\t\t\t<div class=\"elementor-widget-wrap elementor-element-populated\">\n\t\t\t\t\t\t<div class=\"elementor-element elementor-element-84e5051 elementor-widget elementor-widget-heading\" data-id=\"84e5051\" data-element_type=\"widget\" data-e-type=\"widget\" data-widget_type=\"heading.default\">\n\t\t\t\t<div class=\"elementor-widget-container\">\n\t\t\t\t\t<h2 class=\"elementor-heading-title elementor-size-default\">Coming<\/h2>\t\t\t\t<\/div>\n\t\t\t\t<\/div>\n\t\t\t\t<section class=\"elementor-section elementor-inner-section elementor-element elementor-element-0cec51e elementor-section-boxed elementor-section-height-default elementor-section-height-default\" data-id=\"0cec51e\" data-element_type=\"section\" data-e-type=\"section\">\n\t\t\t\t\t\t<div class=\"elementor-container elementor-column-gap-default\">\n\t\t\t\t\t<div class=\"elementor-column elementor-col-50 elementor-inner-column elementor-element elementor-element-7606834\" data-id=\"7606834\" data-element_type=\"column\" data-e-type=\"column\">\n\t\t\t<div class=\"elementor-widget-wrap elementor-element-populated\">\n\t\t\t\t\t\t<div class=\"elementor-element elementor-element-901e14c elementor-widget elementor-widget-text-editor\" data-id=\"901e14c\" data-element_type=\"widget\" data-e-type=\"widget\" data-widget_type=\"text-editor.default\">\n\t\t\t\t<div class=\"elementor-widget-container\">\n\t\t\t\t\t\t\t\t\t<h3>Integration of a new cohort<\/h3>\t\t\t\t\t\t\t\t<\/div>\n\t\t\t\t<\/div>\n\t\t\t\t<div class=\"elementor-element elementor-element-feb3423 elementor-widget elementor-widget-text-editor\" data-id=\"feb3423\" data-element_type=\"widget\" data-e-type=\"widget\" data-widget_type=\"text-editor.default\">\n\t\t\t\t<div class=\"elementor-widget-container\">\n\t\t\t\t\t\t\t\t\t<div class=\"no-margin\"><p>Renewed funding from the FRQ will enable the integration of a new cohort composed of approximately 600 children of participants, whether living or deceased. By comparing children of parents with exceptional longevity to those whose parents passed away earlier, researchers will be able to study the respective influences of hereditary, social, and environmental factors on aging.<\/p><p>This transgenerational component, which is rare on an international scale, paves the way for groundbreaking research on the intergenerational transmission of health and vulnerability.\nBlood and urine samples will also be collected from surviving participants and their children. These samples will be used to generate reprogrammed stem cells from urinary cells, which can then be used to create tissues and organoids (lab-grown structures that simulate organs), such as the brain. These models will allow researchers to study the biological mechanisms of aging in laboratory settings, particularly in tissues that are otherwise inaccessible in humans.<\/p><p>\u00a0<\/p><p>NuAge will thus become one of the first biobanks to offer this type of material derived from well-characterized very old individuals and their descendants.<\/p><\/div>\t\t\t\t\t\t\t\t<\/div>\n\t\t\t\t<\/div>\n\t\t\t\t\t<\/div>\n\t\t<\/div>\n\t\t\t\t<div class=\"elementor-column elementor-col-50 elementor-inner-column elementor-element elementor-element-b09eeb1\" data-id=\"b09eeb1\" data-element_type=\"column\" data-e-type=\"column\">\n\t\t\t<div class=\"elementor-widget-wrap elementor-element-populated\">\n\t\t\t\t\t\t<div class=\"elementor-element elementor-element-e1dedab elementor-widget elementor-widget-text-editor\" data-id=\"e1dedab\" data-element_type=\"widget\" data-e-type=\"widget\" data-widget_type=\"text-editor.default\">\n\t\t\t\t<div class=\"elementor-widget-container\">\n\t\t\t\t\t\t\t\t\t<h3>Secure access management and automated extraction<\/h3>\t\t\t\t\t\t\t\t<\/div>\n\t\t\t\t<\/div>\n\t\t\t\t<div class=\"elementor-element elementor-element-7052c04 elementor-widget elementor-widget-text-editor\" data-id=\"7052c04\" data-element_type=\"widget\" data-e-type=\"widget\" data-widget_type=\"text-editor.default\">\n\t\t\t\t<div class=\"elementor-widget-container\">\n\t\t\t\t\t\t\t\t\t<p>Sustained efforts will be made to facilitate access to data and biological samples through secure digital environments and automated extraction tools. This modernization aims to expand the use of the NuAge Banks, foster partnerships with other major Quebec and international cohorts, and strengthen their scientific and societal impact.<\/p><p>In sum, NuAge stands as a key infrastructure for informing public policy, tailoring care to the real needs of older adults, and supporting aging research in Quebec and beyond.<\/p>\t\t\t\t\t\t\t\t<\/div>\n\t\t\t\t<\/div>\n\t\t\t\t\t<\/div>\n\t\t<\/div>\n\t\t\t\t\t<\/div>\n\t\t<\/section>\n\t\t\t\t\t<\/div>\n\t\t<\/div>\n\t\t\t\t\t<\/div>\n\t\t<\/section>\n\t\t\t\t<section class=\"elementor-section elementor-top-section elementor-element elementor-element-45e69f3 elementor-section-boxed elementor-section-height-default elementor-section-height-default\" data-id=\"45e69f3\" data-element_type=\"section\" data-e-type=\"section\">\n\t\t\t\t\t\t<div class=\"elementor-container elementor-column-gap-default\">\n\t\t\t\t\t<div class=\"elementor-column elementor-col-100 elementor-top-column elementor-element elementor-element-ec605e2\" data-id=\"ec605e2\" data-element_type=\"column\" data-e-type=\"column\">\n\t\t\t<div class=\"elementor-widget-wrap elementor-element-populated\">\n\t\t\t\t\t\t<div class=\"elementor-element elementor-element-bc918a2 elementor-widget elementor-widget-heading\" data-id=\"bc918a2\" data-element_type=\"widget\" data-e-type=\"widget\" data-widget_type=\"heading.default\">\n\t\t\t\t<div class=\"elementor-widget-container\">\n\t\t\t\t\t<h2 class=\"elementor-heading-title elementor-size-default\">Finished<\/h2>\t\t\t\t<\/div>\n\t\t\t\t<\/div>\n\t\t\t\t<section class=\"elementor-section elementor-inner-section elementor-element elementor-element-def4a11 elementor-section-boxed elementor-section-height-default elementor-section-height-default\" data-id=\"def4a11\" data-element_type=\"section\" data-e-type=\"section\">\n\t\t\t\t\t\t<div class=\"elementor-container elementor-column-gap-default\">\n\t\t\t\t\t<div class=\"elementor-column elementor-col-50 elementor-inner-column elementor-element elementor-element-4cc9405\" data-id=\"4cc9405\" data-element_type=\"column\" data-e-type=\"column\">\n\t\t\t<div class=\"elementor-widget-wrap elementor-element-populated\">\n\t\t\t\t\t\t<div class=\"elementor-element elementor-element-b01d144 elementor-widget elementor-widget-text-editor\" data-id=\"b01d144\" data-element_type=\"widget\" data-e-type=\"widget\" data-widget_type=\"text-editor.default\">\n\t\t\t\t<div class=\"elementor-widget-container\">\n\t\t\t\t\t\t\t\t\t<h3>Integration of genetics data into the NuAge Database and Biobank<\/h3>\t\t\t\t\t\t\t\t<\/div>\n\t\t\t\t<\/div>\n\t\t\t\t<div class=\"elementor-element elementor-element-453db97 elementor-widget elementor-widget-text-editor\" data-id=\"453db97\" data-element_type=\"widget\" data-e-type=\"widget\" data-widget_type=\"text-editor.default\">\n\t\t\t\t<div class=\"elementor-widget-container\">\n\t\t\t\t\t\t\t\t\t<div class=\"no-margin\"><p>Thanks to the partnership between the NuAge Database and Biobank, the R\u00e9seau qu\u00e9b\u00e9cois de recherche sur le vieillissement [Quebec Network for Research on Aging] (RQRV) and Drs. Mark Lathrop and Jiannis Ragoussis of McGill University, the genotypes of 1,276 NuAge Database and Biobank participants were analyzed using Affymetrix\u2019s UK Biobank Axiom Array.<\/p><p><a href=\"https:\/\/www.thermofisher.com\/order\/catalog\/product\/902502\" target=\"_blank\" rel=\"noopener\">Click here for consulting the array<\/a>.<\/p><p>As a result, nearly 700,000 single nucleotide polymorphisms (SNP), as well as DNA and RNA samples, may be stored in the NuAge Database and Biobank to be available to researchers around the beginning of 2023.<\/p><\/div>\t\t\t\t\t\t\t\t<\/div>\n\t\t\t\t<\/div>\n\t\t\t\t\t<\/div>\n\t\t<\/div>\n\t\t\t\t<div class=\"elementor-column elementor-col-50 elementor-inner-column elementor-element elementor-element-fd8d221\" data-id=\"fd8d221\" data-element_type=\"column\" data-e-type=\"column\">\n\t\t\t<div class=\"elementor-widget-wrap elementor-element-populated\">\n\t\t\t\t\t\t<div class=\"elementor-element elementor-element-effb44a elementor-widget elementor-widget-text-editor\" data-id=\"effb44a\" data-element_type=\"widget\" data-e-type=\"widget\" data-widget_type=\"text-editor.default\">\n\t\t\t\t<div class=\"elementor-widget-container\">\n\t\t\t\t\t\t\t\t\t<h3>Launching of the partnership between the NuAge Database and Biobank and the GAAIN platform (2019-2021)<\/h3>\t\t\t\t\t\t\t\t<\/div>\n\t\t\t\t<\/div>\n\t\t\t\t<div class=\"elementor-element elementor-element-61d89ee elementor-widget elementor-widget-text-editor\" data-id=\"61d89ee\" data-element_type=\"widget\" data-e-type=\"widget\" data-widget_type=\"text-editor.default\">\n\t\t\t\t<div class=\"elementor-widget-container\">\n\t\t\t\t\t\t\t\t\t<div class=\"no-margin\"><p>As part of the funding obtained by the Fonds de recherche du Qu\u00e9bec ($1.5M, 2019-2024), steps are being taken to integrate the NuAge Database and Biobank with partners of the American platform Global Alzheimer\u2019s Association Interactive Network (GAAIN). This partnership with GAAIN will combine data from the 1,753 participants of the NuAge cohort with those of 51 other cohorts worldwide through their platform. The tools developed by GAAIN will make it possible to test the feasibility of conducting a research project with the NuAge cohort, combined or not, with other cohorts worldwide. <a href=\"http:\/\/gaain.org\/\" target=\"_blank\" rel=\"noopener\">http:\/\/gaain.org\/<\/a>.<\/p><\/div>\t\t\t\t\t\t\t\t<\/div>\n\t\t\t\t<\/div>\n\t\t\t\t<div class=\"elementor-element elementor-element-b780ac7 elementor-widget elementor-widget-text-editor\" data-id=\"b780ac7\" data-element_type=\"widget\" data-e-type=\"widget\" data-widget_type=\"text-editor.default\">\n\t\t\t\t<div class=\"elementor-widget-container\">\n\t\t\t\t\t\t\t\t\t<div class=\"no-margin\"><p>As part of the funding obtained by the Fonds de recherche du Qu\u00e9bec ($1.5M, 2019-2024), steps are being taken to integrate the NuAge Database and Biobank with partners of the American platform Global Alzheimer\u2019s Association Interactive Network (GAAIN). This partnership with GAAIN will combine data from the 1,753 participants of the NuAge cohort with those of 51 other cohorts worldwide through their platform. The tools developed by GAAIN will make it possible to test the feasibility of conducting a research project with the NuAge cohort, combined or not, with other cohorts worldwide. <a href=\"http:\/\/gaain.org\/\" target=\"_blank\" rel=\"noopener\">http:\/\/gaain.org\/<\/a>.<\/p><\/div>\t\t\t\t\t\t\t\t<\/div>\n\t\t\t\t<\/div>\n\t\t\t\t\t<\/div>\n\t\t<\/div>\n\t\t\t\t\t<\/div>\n\t\t<\/section>\n\t\t\t\t<section class=\"elementor-section elementor-inner-section elementor-element elementor-element-54dda90 elementor-section-boxed elementor-section-height-default elementor-section-height-default\" data-id=\"54dda90\" data-element_type=\"section\" data-e-type=\"section\">\n\t\t\t\t\t\t<div class=\"elementor-container elementor-column-gap-default\">\n\t\t\t\t\t<div class=\"elementor-column elementor-col-100 elementor-inner-column elementor-element elementor-element-7c08333\" data-id=\"7c08333\" data-element_type=\"column\" data-e-type=\"column\">\n\t\t\t<div class=\"elementor-widget-wrap elementor-element-populated\">\n\t\t\t\t\t\t<div class=\"elementor-element elementor-element-415eecd elementor-widget elementor-widget-text-editor\" data-id=\"415eecd\" data-element_type=\"widget\" data-e-type=\"widget\" data-widget_type=\"text-editor.default\">\n\t\t\t\t<div class=\"elementor-widget-container\">\n\t\t\t\t\t\t\t\t\t<h3>Call for projects in the framework of an RQRV \u2013 NuAge partnership (2019-2021)<\/h3>\t\t\t\t\t\t\t\t<\/div>\n\t\t\t\t<\/div>\n\t\t\t\t<div class=\"elementor-element elementor-element-3d452c0 elementor-widget elementor-widget-text-editor\" data-id=\"3d452c0\" data-element_type=\"widget\" data-e-type=\"widget\" data-widget_type=\"text-editor.default\">\n\t\t\t\t<div class=\"elementor-widget-container\">\n\t\t\t\t\t\t\t\t\t<div class=\"no-margin\">\n<p>The R\u00e9seau qu\u00e9b\u00e9cois de recherche sur le vieillissement [Quebec Network for Research on Aging] (RQRV), in partnership with the NuAge Database and Biobank, is launching a call for projects open exclusively to researchers who are active members of the Network (see \u201cNews\u201d tab). The primary objective of this call for projects is to use biologic samples from the NuAge Database and Biobank to carry out an original and innovative research project. In the context of the RQRV\u2019s structuring grant program and funding obtained from the Fonds de recherche du Qu\u00e9bec (FRQ), the cost of biomarker analyses (max. $60,000) as well as the cost associated with data file and biologic sample preparation from the biobank will be covered by the NuAge Database and Biobank. The proposals must be submitted to the NuAge Database and Biobank by September 30, 2020 at the latest; results of the competition will be available by November 16, 2020.<\/p>\n<\/div>\t\t\t\t\t\t\t\t<\/div>\n\t\t\t\t<\/div>\n\t\t\t\t\t<\/div>\n\t\t<\/div>\n\t\t\t\t\t<\/div>\n\t\t<\/section>\n\t\t\t\t\t<\/div>\n\t\t<\/div>\n\t\t\t\t\t<\/div>\n\t\t<\/section>\n\t\t\t\t<\/div>","protected":false},"excerpt":{"rendered":"<p>Activit\u00e9s de d\u00e9veloppement scientifique Derni\u00e8re mise \u00e0 jour: 1 Octobre 2025 Les activit\u00e9s de d\u00e9veloppement scientifiques visent \u00e0 favoriser l\u2019utilisation des Banques NuAge par les &hellip; <\/p>","protected":false},"author":3,"featured_media":0,"parent":0,"menu_order":0,"comment_status":"closed","ping_status":"closed","template":"","meta":{"footnotes":""},"class_list":["post-611","page","type-page","status-publish","hentry"],"_links":{"self":[{"href":"https:\/\/nuage.recherche.usherbrooke.ca\/en\/wp-json\/wp\/v2\/pages\/611","targetHints":{"allow":["GET"]}}],"collection":[{"href":"https:\/\/nuage.recherche.usherbrooke.ca\/en\/wp-json\/wp\/v2\/pages"}],"about":[{"href":"https:\/\/nuage.recherche.usherbrooke.ca\/en\/wp-json\/wp\/v2\/types\/page"}],"author":[{"embeddable":true,"href":"https:\/\/nuage.recherche.usherbrooke.ca\/en\/wp-json\/wp\/v2\/users\/3"}],"replies":[{"embeddable":true,"href":"https:\/\/nuage.recherche.usherbrooke.ca\/en\/wp-json\/wp\/v2\/comments?post=611"}],"version-history":[{"count":72,"href":"https:\/\/nuage.recherche.usherbrooke.ca\/en\/wp-json\/wp\/v2\/pages\/611\/revisions"}],"predecessor-version":[{"id":2647,"href":"https:\/\/nuage.recherche.usherbrooke.ca\/en\/wp-json\/wp\/v2\/pages\/611\/revisions\/2647"}],"wp:attachment":[{"href":"https:\/\/nuage.recherche.usherbrooke.ca\/en\/wp-json\/wp\/v2\/media?parent=611"}],"curies":[{"name":"wp","href":"https:\/\/api.w.org\/{rel}","templated":true}]}}