{"id":581,"date":"2020-08-21T14:31:12","date_gmt":"2020-08-21T14:31:12","guid":{"rendered":"https:\/\/nuage.recherche.usherbrooke.ca\/?page_id=581"},"modified":"2024-01-29T13:51:56","modified_gmt":"2024-01-29T18:51:56","slug":"soumission-dune-communication-scientifique-pour-approbation","status":"publish","type":"page","link":"https:\/\/nuage.recherche.usherbrooke.ca\/en\/soumission-dune-communication-scientifique-pour-approbation\/","title":{"rendered":"Submit a scientific communication for approval"},"content":{"rendered":"<div data-elementor-type=\"wp-page\" data-elementor-id=\"581\" class=\"elementor elementor-581\">\n\t\t\t\t\t\t<section class=\"elementor-section elementor-top-section elementor-element elementor-element-ede6f42 elementor-section-boxed elementor-section-height-default elementor-section-height-default\" data-id=\"ede6f42\" data-element_type=\"section\" data-e-type=\"section\" data-settings=\"{&quot;background_background&quot;:&quot;classic&quot;}\">\n\t\t\t\t\t\t\t<div class=\"elementor-background-overlay\"><\/div>\n\t\t\t\t\t\t\t<div class=\"elementor-container elementor-column-gap-default\">\n\t\t\t\t\t<div class=\"elementor-column elementor-col-100 elementor-top-column elementor-element elementor-element-bc6a053\" data-id=\"bc6a053\" data-element_type=\"column\" data-e-type=\"column\">\n\t\t\t<div class=\"elementor-widget-wrap elementor-element-populated\">\n\t\t\t\t\t\t<div class=\"elementor-element elementor-element-32a6ad1b elementor-widget elementor-widget-heading\" data-id=\"32a6ad1b\" data-element_type=\"widget\" data-e-type=\"widget\" data-widget_type=\"heading.default\">\n\t\t\t\t<div class=\"elementor-widget-container\">\n\t\t\t\t\t<h1 class=\"elementor-heading-title elementor-size-default\">Submit a Scientific Communication for Approval<\/h1>\t\t\t\t<\/div>\n\t\t\t\t<\/div>\n\t\t\t\t\t<\/div>\n\t\t<\/div>\n\t\t\t\t\t<\/div>\n\t\t<\/section>\n\t\t\t\t<section class=\"elementor-section elementor-top-section elementor-element elementor-element-ee84f51 elementor-section-boxed elementor-section-height-default elementor-section-height-default\" data-id=\"ee84f51\" data-element_type=\"section\" data-e-type=\"section\">\n\t\t\t\t\t\t<div class=\"elementor-container elementor-column-gap-default\">\n\t\t\t\t\t<div class=\"elementor-column elementor-col-100 elementor-top-column elementor-element elementor-element-bb83eae\" data-id=\"bb83eae\" data-element_type=\"column\" data-e-type=\"column\">\n\t\t\t<div class=\"elementor-widget-wrap elementor-element-populated\">\n\t\t\t\t\t\t<div class=\"elementor-element elementor-element-472a16f elementor-widget elementor-widget-heading\" data-id=\"472a16f\" data-element_type=\"widget\" data-e-type=\"widget\" data-widget_type=\"heading.default\">\n\t\t\t\t<div class=\"elementor-widget-container\">\n\t\t\t\t\t<span class=\"elementor-heading-title elementor-size-default\"><b>Last update: <\/b>March 18, 2021<\/span>\t\t\t\t<\/div>\n\t\t\t\t<\/div>\n\t\t\t\t\t<\/div>\n\t\t<\/div>\n\t\t\t\t\t<\/div>\n\t\t<\/section>\n\t\t\t\t<section class=\"elementor-section elementor-top-section elementor-element elementor-element-ce87fce elementor-section-boxed elementor-section-height-default elementor-section-height-default\" data-id=\"ce87fce\" data-element_type=\"section\" data-e-type=\"section\" data-settings=\"{&quot;background_background&quot;:&quot;classic&quot;}\">\n\t\t\t\t\t\t<div class=\"elementor-container elementor-column-gap-default\">\n\t\t\t\t\t<div class=\"elementor-column elementor-col-100 elementor-top-column elementor-element elementor-element-e819dfc\" data-id=\"e819dfc\" data-element_type=\"column\" data-e-type=\"column\">\n\t\t\t<div class=\"elementor-widget-wrap elementor-element-populated\">\n\t\t\t\t\t\t<div class=\"elementor-element elementor-element-c43a43c elementor-widget elementor-widget-text-editor\" data-id=\"c43a43c\" data-element_type=\"widget\" data-e-type=\"widget\" data-widget_type=\"text-editor.default\">\n\t\t\t\t<div class=\"elementor-widget-container\">\n\t\t\t\t\t\t\t\t\t<p>Reviewing of the scientific communications by the NuAge Database and Biobank aims to follow-up on the commitments made towards the use of data and biological samples from the NuAge Database and Biobank, to ensure the accuracy of the information related to the NuAge Study and the NuAge Database and Biobank in ensuing communications, and to allow tracking of the Banks' scientific milestones in order to ensure their funding and perennity.<\/p>\t\t\t\t\t\t\t\t<\/div>\n\t\t\t\t<\/div>\n\t\t\t\t\t<\/div>\n\t\t<\/div>\n\t\t\t\t\t<\/div>\n\t\t<\/section>\n\t\t\t\t<section class=\"elementor-section elementor-top-section elementor-element elementor-element-dc52911 elementor-section-boxed elementor-section-height-default elementor-section-height-default\" data-id=\"dc52911\" data-element_type=\"section\" data-e-type=\"section\">\n\t\t\t\t\t\t<div class=\"elementor-container elementor-column-gap-default\">\n\t\t\t\t\t<div class=\"elementor-column elementor-col-100 elementor-top-column elementor-element elementor-element-bdbc8ea\" data-id=\"bdbc8ea\" data-element_type=\"column\" data-e-type=\"column\">\n\t\t\t<div class=\"elementor-widget-wrap elementor-element-populated\">\n\t\t\t\t\t\t<section class=\"elementor-section elementor-inner-section elementor-element elementor-element-d2126dd elementor-section-boxed elementor-section-height-default elementor-section-height-default\" data-id=\"d2126dd\" data-element_type=\"section\" data-e-type=\"section\">\n\t\t\t\t\t\t<div class=\"elementor-container elementor-column-gap-default\">\n\t\t\t\t\t<div class=\"elementor-column elementor-col-50 elementor-inner-column elementor-element elementor-element-c460bfb\" data-id=\"c460bfb\" data-element_type=\"column\" data-e-type=\"column\">\n\t\t\t<div class=\"elementor-widget-wrap elementor-element-populated\">\n\t\t\t\t\t\t<div class=\"elementor-element elementor-element-0ca7733 elementor-widget elementor-widget-heading\" data-id=\"0ca7733\" data-element_type=\"widget\" data-e-type=\"widget\" data-widget_type=\"heading.default\">\n\t\t\t\t<div class=\"elementor-widget-container\">\n\t\t\t\t\t<h3 class=\"elementor-heading-title elementor-size-default\">Documents concerned<\/h3>\t\t\t\t<\/div>\n\t\t\t\t<\/div>\n\t\t\t\t\t<\/div>\n\t\t<\/div>\n\t\t\t\t<div class=\"elementor-column elementor-col-50 elementor-inner-column elementor-element elementor-element-50a67e8\" data-id=\"50a67e8\" data-element_type=\"column\" data-e-type=\"column\">\n\t\t\t<div class=\"elementor-widget-wrap elementor-element-populated\">\n\t\t\t\t\t\t<div class=\"elementor-element elementor-element-a4443df elementor-widget elementor-widget-text-editor\" data-id=\"a4443df\" data-element_type=\"widget\" data-e-type=\"widget\" data-widget_type=\"text-editor.default\">\n\t\t\t\t<div class=\"elementor-widget-container\">\n\t\t\t\t\t\t\t\t\t<p>Articles, conference abstracts, oral and poster presentations, letters to the editor or any other method of disseminating research results from the use of data and biologic samples from the NuAge Database and Biobank.<\/p>\t\t\t\t\t\t\t\t<\/div>\n\t\t\t\t<\/div>\n\t\t\t\t\t<\/div>\n\t\t<\/div>\n\t\t\t\t\t<\/div>\n\t\t<\/section>\n\t\t\t\t\t<\/div>\n\t\t<\/div>\n\t\t\t\t\t<\/div>\n\t\t<\/section>\n\t\t\t\t<section class=\"elementor-section elementor-top-section elementor-element elementor-element-3928914 elementor-section-boxed elementor-section-height-default elementor-section-height-default\" data-id=\"3928914\" data-element_type=\"section\" data-e-type=\"section\">\n\t\t\t\t\t\t<div class=\"elementor-container elementor-column-gap-default\">\n\t\t\t\t\t<div class=\"elementor-column elementor-col-100 elementor-top-column elementor-element elementor-element-3c0de87\" data-id=\"3c0de87\" data-element_type=\"column\" data-e-type=\"column\">\n\t\t\t<div class=\"elementor-widget-wrap elementor-element-populated\">\n\t\t\t\t\t\t<section class=\"elementor-section elementor-inner-section elementor-element elementor-element-6a4ef6d elementor-section-boxed elementor-section-height-default elementor-section-height-default\" data-id=\"6a4ef6d\" data-element_type=\"section\" data-e-type=\"section\">\n\t\t\t\t\t\t<div class=\"elementor-container elementor-column-gap-default\">\n\t\t\t\t\t<div class=\"elementor-column elementor-col-50 elementor-inner-column elementor-element elementor-element-faa1655\" data-id=\"faa1655\" data-element_type=\"column\" data-e-type=\"column\">\n\t\t\t<div class=\"elementor-widget-wrap elementor-element-populated\">\n\t\t\t\t\t\t<div class=\"elementor-element elementor-element-37da194 elementor-widget elementor-widget-heading\" data-id=\"37da194\" data-element_type=\"widget\" data-e-type=\"widget\" data-widget_type=\"heading.default\">\n\t\t\t\t<div class=\"elementor-widget-container\">\n\t\t\t\t\t<h3 class=\"elementor-heading-title elementor-size-default\">The Steering Committee approval process<\/h3>\t\t\t\t<\/div>\n\t\t\t\t<\/div>\n\t\t\t\t\t<\/div>\n\t\t<\/div>\n\t\t\t\t<div class=\"elementor-column elementor-col-50 elementor-inner-column elementor-element elementor-element-d648623\" data-id=\"d648623\" data-element_type=\"column\" data-e-type=\"column\">\n\t\t\t<div class=\"elementor-widget-wrap elementor-element-populated\">\n\t\t\t\t\t\t<div class=\"elementor-element elementor-element-9b2b1cf elementor-widget elementor-widget-text-editor\" data-id=\"9b2b1cf\" data-element_type=\"widget\" data-e-type=\"widget\" data-widget_type=\"text-editor.default\">\n\t\t\t\t<div class=\"elementor-widget-container\">\n\t\t\t\t\t\t\t\t\t<p>The requesting investigator (or another user designated by the requesting investigator) must send an electronic copy of the scientific communication to the NuAge Database and Biobank via this web page (see below), and do so, <strong>once this communication has been reviewed and approved by all the co-authors and before submitting it to the target media<\/strong>.<\/p><p>The NuAge Database and Biobank will conduct a technical review of this communication and will send a communication submission approval to the requesting investigator, with or without requests for corrections. It takes approximately 2-3 weeks to receive an answer from the Steering Committee.<\/p>\t\t\t\t\t\t\t\t<\/div>\n\t\t\t\t<\/div>\n\t\t\t\t\t<\/div>\n\t\t<\/div>\n\t\t\t\t\t<\/div>\n\t\t<\/section>\n\t\t\t\t\t<\/div>\n\t\t<\/div>\n\t\t\t\t\t<\/div>\n\t\t<\/section>\n\t\t\t\t<section class=\"elementor-section elementor-top-section elementor-element elementor-element-e6f6da0 elementor-section-boxed elementor-section-height-default elementor-section-height-default\" data-id=\"e6f6da0\" data-element_type=\"section\" data-e-type=\"section\">\n\t\t\t\t\t\t<div class=\"elementor-container elementor-column-gap-default\">\n\t\t\t\t\t<div class=\"elementor-column elementor-col-100 elementor-top-column elementor-element elementor-element-ee9fb83\" data-id=\"ee9fb83\" data-element_type=\"column\" data-e-type=\"column\">\n\t\t\t<div class=\"elementor-widget-wrap elementor-element-populated\">\n\t\t\t\t\t\t<section class=\"elementor-section elementor-inner-section elementor-element elementor-element-d6b907b elementor-section-boxed elementor-section-height-default elementor-section-height-default\" data-id=\"d6b907b\" data-element_type=\"section\" data-e-type=\"section\">\n\t\t\t\t\t\t<div class=\"elementor-container elementor-column-gap-default\">\n\t\t\t\t\t<div class=\"elementor-column elementor-col-50 elementor-inner-column elementor-element elementor-element-ad939d2\" data-id=\"ad939d2\" data-element_type=\"column\" data-e-type=\"column\">\n\t\t\t<div class=\"elementor-widget-wrap elementor-element-populated\">\n\t\t\t\t\t\t<div class=\"elementor-element elementor-element-a65681b elementor-widget elementor-widget-heading\" data-id=\"a65681b\" data-element_type=\"widget\" data-e-type=\"widget\" data-widget_type=\"heading.default\">\n\t\t\t\t<div class=\"elementor-widget-container\">\n\t\t\t\t\t<h3 class=\"elementor-heading-title elementor-size-default\">Technical aspects reviewed<\/h3>\t\t\t\t<\/div>\n\t\t\t\t<\/div>\n\t\t\t\t\t<\/div>\n\t\t<\/div>\n\t\t\t\t<div class=\"elementor-column elementor-col-50 elementor-inner-column elementor-element elementor-element-e2cd07d\" data-id=\"e2cd07d\" data-element_type=\"column\" data-e-type=\"column\">\n\t\t\t<div class=\"elementor-widget-wrap elementor-element-populated\">\n\t\t\t\t\t\t<div class=\"elementor-element elementor-element-8b16bb9 elementor-widget elementor-widget-text-editor\" data-id=\"8b16bb9\" data-element_type=\"widget\" data-e-type=\"widget\" data-widget_type=\"text-editor.default\">\n\t\t\t\t<div class=\"elementor-widget-container\">\n\t\t\t\t\t\t\t\t\t<ul><li>Objectives deriving from a secondary project approved by the Steering Committee and still holding a valid ethics approval;<\/li><li>List of authors (regarding the data used in the project);<\/li><li>Adequate description of the NuAge cohort, the NuAge Database and Biobank, the data and samples used in the project, the selection of the sub-sample being studied (if applicable), funding sources and ethics approvals of the NuAge Database and Biobank and the secondary project;<\/li><li>Date of receipt of the data file from the NuAge Database and Biobank<\/li><\/ul>\t\t\t\t\t\t\t\t<\/div>\n\t\t\t\t<\/div>\n\t\t\t\t\t<\/div>\n\t\t<\/div>\n\t\t\t\t\t<\/div>\n\t\t<\/section>\n\t\t\t\t\t<\/div>\n\t\t<\/div>\n\t\t\t\t\t<\/div>\n\t\t<\/section>\n\t\t\t\t<section class=\"elementor-section elementor-top-section elementor-element elementor-element-29b02a85 elementor-section-content-top elementor-section-boxed elementor-section-height-default elementor-section-height-default\" data-id=\"29b02a85\" data-element_type=\"section\" data-e-type=\"section\">\n\t\t\t\t\t\t<div class=\"elementor-container elementor-column-gap-no\">\n\t\t\t\t\t<div class=\"elementor-column elementor-col-100 elementor-top-column elementor-element elementor-element-f174397\" data-id=\"f174397\" data-element_type=\"column\" data-e-type=\"column\">\n\t\t\t<div class=\"elementor-widget-wrap elementor-element-populated\">\n\t\t\t\t\t\t<div class=\"elementor-element elementor-element-ec668b3 elementor-widget elementor-widget-heading\" data-id=\"ec668b3\" data-element_type=\"widget\" data-e-type=\"widget\" data-widget_type=\"heading.default\">\n\t\t\t\t<div class=\"elementor-widget-container\">\n\t\t\t\t\t<h2 class=\"elementor-heading-title elementor-size-default\">Submit a Scientific Communication for Approval<\/h2>\t\t\t\t<\/div>\n\t\t\t\t<\/div>\n\t\t\t\t<div class=\"elementor-element elementor-element-6af7d36 elementor-widget elementor-widget-shortcode\" data-id=\"6af7d36\" data-element_type=\"widget\" data-e-type=\"widget\" data-widget_type=\"shortcode.default\">\n\t\t\t\t<div class=\"elementor-widget-container\">\n\t\t\t\t\t\t\t<div class=\"elementor-shortcode\">\n<div class=\"wpcf7 no-js\" id=\"wpcf7-f580-o1\" lang=\"fr-CA\" dir=\"ltr\" data-wpcf7-id=\"580\">\n<div class=\"screen-reader-response\"><p role=\"status\" aria-live=\"polite\" aria-atomic=\"true\"><\/p> <ul><\/ul><\/div>\n<form action=\"\/en\/wp-json\/wp\/v2\/pages\/581#wpcf7-f580-o1\" method=\"post\" class=\"wpcf7-form init\" aria-label=\"Contact form\" enctype=\"multipart\/form-data\" novalidate=\"novalidate\" data-status=\"init\" data-trp-original-action=\"\/en\/wp-json\/wp\/v2\/pages\/581#wpcf7-f580-o1\">\n<fieldset class=\"hidden-fields-container\"><input type=\"hidden\" name=\"_wpcf7\" value=\"580\" \/><input type=\"hidden\" name=\"_wpcf7_version\" value=\"6.1.5\" \/><input type=\"hidden\" name=\"_wpcf7_locale\" value=\"fr_CA\" \/><input type=\"hidden\" name=\"_wpcf7_unit_tag\" value=\"wpcf7-f580-o1\" \/><input type=\"hidden\" name=\"_wpcf7_container_post\" value=\"0\" \/><input type=\"hidden\" name=\"_wpcf7_posted_data_hash\" value=\"\" \/>\n<\/fieldset>\n<p><label>Name (required)<br \/>\n<span class=\"wpcf7-form-control-wrap\" data-name=\"submitter\"><input size=\"40\" maxlength=\"400\" class=\"wpcf7-form-control wpcf7-text wpcf7-validates-as-required\" aria-required=\"true\" aria-invalid=\"false\" value=\"\" type=\"text\" name=\"submitter\" \/><\/span> <\/label>\n<\/p>\n<p><label>Email (required)<br \/>\n<span class=\"wpcf7-form-control-wrap\" data-name=\"email\"><input size=\"40\" maxlength=\"400\" class=\"wpcf7-form-control wpcf7-email wpcf7-validates-as-required wpcf7-text wpcf7-validates-as-email\" aria-required=\"true\" aria-invalid=\"false\" value=\"\" type=\"email\" name=\"email\" \/><\/span> <\/label>\n<\/p>\n<p><label>Project number (if applicable)<br \/>\n<span class=\"wpcf7-form-control-wrap\" data-name=\"project-number\"><input size=\"40\" maxlength=\"400\" class=\"wpcf7-form-control wpcf7-text\" aria-invalid=\"false\" value=\"\" type=\"text\" name=\"project-number\" \/><\/span> <\/label>\n<\/p>\n<p><label>Title of approved project (required)<br \/>\n<span class=\"wpcf7-form-control-wrap\" data-name=\"project-title\"><input size=\"40\" maxlength=\"400\" class=\"wpcf7-form-control wpcf7-text wpcf7-validates-as-required\" aria-required=\"true\" aria-invalid=\"false\" value=\"\" type=\"text\" name=\"project-title\" \/><\/span> <\/label>\n<\/p>\n<p><label>Targeted journal or conference (required)<br \/>\n<span class=\"wpcf7-form-control-wrap\" data-name=\"target\"><input size=\"40\" maxlength=\"400\" class=\"wpcf7-form-control wpcf7-text wpcf7-validates-as-required\" aria-required=\"true\" aria-invalid=\"false\" value=\"\" type=\"text\" name=\"target\" \/><\/span> <\/label>\n<\/p>\n<p><label>Expected submission date to journal\/conference (required)<br \/>\n<span class=\"wpcf7-form-control-wrap\" data-name=\"date-submitted\"><input class=\"wpcf7-form-control wpcf7-date wpcf7-validates-as-required wpcf7-validates-as-date\" aria-required=\"true\" aria-invalid=\"false\" value=\"\" type=\"date\" name=\"date-submitted\" \/><\/span><\/label>\n<\/p>\n<p><span class=\"wpcf7-form-control-wrap\" data-name=\"comittee-approved\"><span class=\"wpcf7-form-control wpcf7-checkbox wpcf7-validates-as-required\"><span class=\"wpcf7-list-item first last\"><input type=\"checkbox\" name=\"comittee-approved[]\" value=\"Je confirme que le sujet de la communication fait partie d\u2019un projet ayant \u00e9t\u00e9 approuv\u00e9 par le comit\u00e9 directeur des Banques NuAge.\" \/><span class=\"wpcf7-list-item-label\">I confirm that the subject of the scientific communication is part of a project that has been approved by the NuAge Steering Committee.<\/span><\/span><\/span><\/span>\n<\/p>\n<p><span class=\"wpcf7-form-control-wrap\" data-name=\"co-authors-approved\"><span class=\"wpcf7-form-control wpcf7-checkbox wpcf7-validates-as-required\"><span class=\"wpcf7-list-item first last\"><input type=\"checkbox\" name=\"co-authors-approved[]\" value=\"Je confirme que la communication scientifique a \u00e9t\u00e9 r\u00e9vis\u00e9e et approuv\u00e9e par tous les co-auteurs avant d\u2019\u00eatre soumis aux Banques NuAge.\" \/><span class=\"wpcf7-list-item-label\">I confirm that the scientific communication has been revised and approved by all co-authors before submission to the NuAge Database and Biobank.<\/span><\/span><\/span><\/span>\n<\/p>\n<p><label>Files (required)<br \/>\n<span class=\"wpcf7-form-control-wrap\" data-name=\"files\"><input size=\"40\" class=\"wpcf7-form-control wpcf7-file wpcf7-validates-as-required\" accept=\".pdf,.zip,.xlsx,.docx,.png,.jpeg\" aria-required=\"true\" aria-invalid=\"false\" type=\"file\" name=\"files\" \/><\/span> <\/label>\n<\/p>\n<p><label>Other clarifications and comments<br \/>\n<span class=\"wpcf7-form-control-wrap\" data-name=\"message\"><textarea cols=\"40\" rows=\"10\" maxlength=\"2000\" class=\"wpcf7-form-control wpcf7-textarea\" aria-invalid=\"false\" name=\"message\"><\/textarea><\/span> <\/label>\n<\/p>\n<p><input class=\"wpcf7-form-control wpcf7-submit has-spinner\" type=\"submit\" value=\"Send\" \/>\n<\/p><div class=\"wpcf7-response-output\" aria-hidden=\"true\"><\/div>\n<input type=\"hidden\" name=\"trp-form-language\" value=\"en\"\/><\/form>\n<\/div>\n<\/div>\n\t\t\t\t\t\t<\/div>\n\t\t\t\t<\/div>\n\t\t\t\t\t<\/div>\n\t\t<\/div>\n\t\t\t\t\t<\/div>\n\t\t<\/section>\n\t\t\t\t<\/div>","protected":false},"excerpt":{"rendered":"<p>Soumettre une communication scientifique pour approbation Derni\u00e8re mise \u00e0 jour: 18 mars 2021 La r\u00e9vision des communications scientifiques par les Banques NuAge a pour objectifs &hellip; <\/p>","protected":false},"author":3,"featured_media":0,"parent":0,"menu_order":0,"comment_status":"closed","ping_status":"closed","template":"","meta":{"footnotes":""},"class_list":["post-581","page","type-page","status-publish","hentry"],"_links":{"self":[{"href":"https:\/\/nuage.recherche.usherbrooke.ca\/en\/wp-json\/wp\/v2\/pages\/581","targetHints":{"allow":["GET"]}}],"collection":[{"href":"https:\/\/nuage.recherche.usherbrooke.ca\/en\/wp-json\/wp\/v2\/pages"}],"about":[{"href":"https:\/\/nuage.recherche.usherbrooke.ca\/en\/wp-json\/wp\/v2\/types\/page"}],"author":[{"embeddable":true,"href":"https:\/\/nuage.recherche.usherbrooke.ca\/en\/wp-json\/wp\/v2\/users\/3"}],"replies":[{"embeddable":true,"href":"https:\/\/nuage.recherche.usherbrooke.ca\/en\/wp-json\/wp\/v2\/comments?post=581"}],"version-history":[{"count":25,"href":"https:\/\/nuage.recherche.usherbrooke.ca\/en\/wp-json\/wp\/v2\/pages\/581\/revisions"}],"predecessor-version":[{"id":1446,"href":"https:\/\/nuage.recherche.usherbrooke.ca\/en\/wp-json\/wp\/v2\/pages\/581\/revisions\/1446"}],"wp:attachment":[{"href":"https:\/\/nuage.recherche.usherbrooke.ca\/en\/wp-json\/wp\/v2\/media?parent=581"}],"curies":[{"name":"wp","href":"https:\/\/api.w.org\/{rel}","templated":true}]}}