{"id":341,"date":"2020-04-13T11:18:52","date_gmt":"2020-04-13T11:18:52","guid":{"rendered":"https:\/\/nuage.recherche.usherbrooke.ca\/about\/"},"modified":"2025-10-01T10:13:53","modified_gmt":"2025-10-01T14:13:53","slug":"a-propos","status":"publish","type":"page","link":"https:\/\/nuage.recherche.usherbrooke.ca\/en\/a-propos\/","title":{"rendered":"About Us"},"content":{"rendered":"<div data-elementor-type=\"wp-page\" data-elementor-id=\"341\" class=\"elementor elementor-341\">\n\t\t\t\t\t\t<section class=\"elementor-section elementor-top-section elementor-element elementor-element-5131a13e elementor-section-boxed elementor-section-height-default elementor-section-height-default\" data-id=\"5131a13e\" data-element_type=\"section\" data-e-type=\"section\" data-settings=\"{&quot;background_background&quot;:&quot;classic&quot;}\">\n\t\t\t\t\t\t\t<div class=\"elementor-background-overlay\"><\/div>\n\t\t\t\t\t\t\t<div class=\"elementor-container elementor-column-gap-default\">\n\t\t\t\t\t<div class=\"elementor-column elementor-col-100 elementor-top-column elementor-element elementor-element-1053ca7a\" data-id=\"1053ca7a\" data-element_type=\"column\" data-e-type=\"column\">\n\t\t\t<div class=\"elementor-widget-wrap elementor-element-populated\">\n\t\t\t\t\t\t<div class=\"elementor-element elementor-element-3d99e122 elementor-widget elementor-widget-heading\" data-id=\"3d99e122\" data-element_type=\"widget\" data-e-type=\"widget\" data-widget_type=\"heading.default\">\n\t\t\t\t<div class=\"elementor-widget-container\">\n\t\t\t\t\t<h1 class=\"elementor-heading-title elementor-size-default\">About Us<\/h1>\t\t\t\t<\/div>\n\t\t\t\t<\/div>\n\t\t\t\t\t<\/div>\n\t\t<\/div>\n\t\t\t\t\t<\/div>\n\t\t<\/section>\n\t\t\t\t<section class=\"elementor-section elementor-top-section elementor-element elementor-element-95410c6 elementor-section-boxed elementor-section-height-default elementor-section-height-default\" data-id=\"95410c6\" data-element_type=\"section\" data-e-type=\"section\">\n\t\t\t\t\t\t<div class=\"elementor-container elementor-column-gap-default\">\n\t\t\t\t\t<div class=\"elementor-column elementor-col-100 elementor-top-column elementor-element elementor-element-c182ae9\" data-id=\"c182ae9\" data-element_type=\"column\" data-e-type=\"column\">\n\t\t\t<div class=\"elementor-widget-wrap elementor-element-populated\">\n\t\t\t\t\t\t<div class=\"elementor-element elementor-element-775ef2c elementor-widget elementor-widget-heading\" data-id=\"775ef2c\" data-element_type=\"widget\" data-e-type=\"widget\" data-widget_type=\"heading.default\">\n\t\t\t\t<div class=\"elementor-widget-container\">\n\t\t\t\t\t<span class=\"elementor-heading-title elementor-size-default\"><b>Last update: <\/b> 30 Septembre 2025<\/span>\t\t\t\t<\/div>\n\t\t\t\t<\/div>\n\t\t\t\t\t<\/div>\n\t\t<\/div>\n\t\t\t\t\t<\/div>\n\t\t<\/section>\n\t\t\t\t<section class=\"elementor-section elementor-top-section elementor-element elementor-element-88095be elementor-section-boxed elementor-section-height-default elementor-section-height-default\" data-id=\"88095be\" data-element_type=\"section\" data-e-type=\"section\">\n\t\t\t\t\t\t<div class=\"elementor-container elementor-column-gap-no\">\n\t\t\t\t\t<div class=\"elementor-column elementor-col-100 elementor-top-column elementor-element elementor-element-b59566c\" data-id=\"b59566c\" data-element_type=\"column\" data-e-type=\"column\">\n\t\t\t<div class=\"elementor-widget-wrap elementor-element-populated\">\n\t\t\t\t\t\t<div class=\"elementor-element elementor-element-08f8146 elementor-widget elementor-widget-heading\" data-id=\"08f8146\" data-element_type=\"widget\" data-e-type=\"widget\" data-widget_type=\"heading.default\">\n\t\t\t\t<div class=\"elementor-widget-container\">\n\t\t\t\t\t<h2 class=\"elementor-heading-title elementor-size-default\">NuAge Database and Biobank<\/h2>\t\t\t\t<\/div>\n\t\t\t\t<\/div>\n\t\t\t\t<div class=\"elementor-element elementor-element-22d806f elementor-widget elementor-widget-text-editor\" data-id=\"22d806f\" data-element_type=\"widget\" data-e-type=\"widget\" data-widget_type=\"text-editor.default\">\n\t\t\t\t<div class=\"elementor-widget-container\">\n\t\t\t\t\t\t\t\t\t<p>NuAge is a globally unique cohort of older adults, distinguished by the quality, diversity, and complementarity of its data and biological samples, which are made available to the scientific community for a wide range of secondary research projects. The content of the NuAge Data Banks originates from <strong>the Quebec Longitudinal Study on Nutrition and Successful Aging (NuAge Study)<\/strong> The NuAge cohort is composed of 1,793 generally healthy older adults, aged 67 to 84 at the time of recruitment (between November 2003 and June 2005), from Montr\u00e9al, Laval, and Sherbrooke in the province of Qu\u00e9bec, Canada. Participants were followed annually for three years through a grant from the Canadian Institutes of Health Research (CIHR). The study initially collected, on an annual basis, a comprehensive set of clinical, anthropometric, nutritional, functional, and social measures, along with biological samples from 1,657 participants. Since 2006, additional research grants and the establishment of partnerships have enabled the collection of new clinical, biochemical, functional, and social data from selected NuAge participants (e.g., via phone interviews, home visits, or assessments at research centers), as well as the analysis of biological samples, including genotyping. Plans are also in place to make medico-administrative data available through the access portal of the Institut de la statistique du Qu\u00e9bec (ISQ), for participants who have consented to this type of analysis and authorized access to their information.<\/p><p>\u00a0<\/p><p>In 2019, a major initiative was completed to establish a new governance framework and to migrate the data and biological samples of 1,753 out of 1,793 participants (98%) from the NuAge cohort into an officially registered research bank under the name \" <strong>NuAge Database and Biobank<\/strong> \". In 2019, a major initiative was completed to establish a new governance framework and to migrate the data and biological samples of 1,753 out of 1,793 participants (98%) from the NuAge cohort into an officially registered research bank under the name of the NuAge Data Banks. This status ensures that the infrastructure complies with current ethical and legal requirements in Qu\u00e9bec regarding research banks. The trustee of the Data Bank is the Research Centre on Aging (CdRV) of the CIUSSS de l\u2019Estrie \u2013 CHUS, while the biobank trustee is the Research Centre of the Centre hospitalier de l\u2019Universit\u00e9 de Montr\u00e9al (CRCHUM).<\/p><p>\u00a0<\/p><p>Since 2019, the maintenance and management of data and biological samples have been funded by the Qu\u00e9bec Network for Research on Aging (RQRV), itself supported by the Fonds de recherche du Qu\u00e9bec \u2013 Sant\u00e9 (FRQS), by the Merck-Frosst Chair of the Universit\u00e9 de Sherbrooke Foundation, and by the Intersectoral Research Funding Platform on Aging \u2013 Cohort Component of the Fonds de recherche du Qu\u00e9bec (FRQ; 2019\u20132026; 2026\u20132030).<\/p><p>\u00a0<\/p>\t\t\t\t\t\t\t\t<\/div>\n\t\t\t\t<\/div>\n\t\t\t\t\t<\/div>\n\t\t<\/div>\n\t\t\t\t\t<\/div>\n\t\t<\/section>\n\t\t\t\t<section class=\"elementor-section elementor-top-section elementor-element elementor-element-ecf031d elementor-section-boxed elementor-section-height-default elementor-section-height-default\" data-id=\"ecf031d\" data-element_type=\"section\" data-e-type=\"section\" data-settings=\"{&quot;background_background&quot;:&quot;classic&quot;}\">\n\t\t\t\t\t\t<div class=\"elementor-container elementor-column-gap-no\">\n\t\t\t\t\t<div class=\"elementor-column elementor-col-100 elementor-top-column elementor-element elementor-element-3c07a9f\" data-id=\"3c07a9f\" data-element_type=\"column\" data-e-type=\"column\">\n\t\t\t<div class=\"elementor-widget-wrap elementor-element-populated\">\n\t\t\t\t\t\t<div class=\"elementor-element elementor-element-5d81a5f elementor-widget elementor-widget-heading\" data-id=\"5d81a5f\" data-element_type=\"widget\" data-e-type=\"widget\" data-widget_type=\"heading.default\">\n\t\t\t\t<div class=\"elementor-widget-container\">\n\t\t\t\t\t<h3 class=\"elementor-heading-title elementor-size-default\">Mission<\/h3>\t\t\t\t<\/div>\n\t\t\t\t<\/div>\n\t\t\t\t<div class=\"elementor-element elementor-element-18b6687 elementor-widget elementor-widget-text-editor\" data-id=\"18b6687\" data-element_type=\"widget\" data-e-type=\"widget\" data-widget_type=\"text-editor.default\">\n\t\t\t\t<div class=\"elementor-widget-container\">\n\t\t\t\t\t\t\t\t\t<ul><li>To maintain, enhance, and promote the use of cutting-edge research infrastructure in the field of aging;<\/li><li>To enable the sharing of high-quality multidimensional data and biological samples with the scientific community;<\/li><li>To characterize the heterogeneity of aging trajectories and their determinants, taking into account the nutritional, biological, social, behavioral, and environmental factors that influence them;<\/li><li>Advancing the health and quality of life of older adults by studying risk factors, <span style=\"text-decoration: underline;\">resilience mechanisms, and intergenerational transmission processes.<\/span>.<\/li><\/ul>\t\t\t\t\t\t\t\t<\/div>\n\t\t\t\t<\/div>\n\t\t\t\t\t<\/div>\n\t\t<\/div>\n\t\t\t\t\t<\/div>\n\t\t<\/section>\n\t\t\t\t<section class=\"elementor-section elementor-top-section elementor-element elementor-element-bb4d90b elementor-section-boxed elementor-section-height-default elementor-section-height-default\" data-id=\"bb4d90b\" data-element_type=\"section\" data-e-type=\"section\">\n\t\t\t\t\t\t<div class=\"elementor-container elementor-column-gap-default\">\n\t\t\t\t\t<div class=\"elementor-column elementor-col-100 elementor-top-column elementor-element elementor-element-147d551\" data-id=\"147d551\" data-element_type=\"column\" data-e-type=\"column\">\n\t\t\t<div class=\"elementor-widget-wrap elementor-element-populated\">\n\t\t\t\t\t\t<div class=\"elementor-element elementor-element-502e111 elementor-widget elementor-widget-text-editor\" data-id=\"502e111\" data-element_type=\"widget\" data-e-type=\"widget\" data-widget_type=\"text-editor.default\">\n\t\t\t\t<div class=\"elementor-widget-container\">\n\t\t\t\t\t\t\t\t\t<p>The NuAge Database and Biobank have begun preparations for a final follow-up with approximately 350 participants from the original cohort who are still alive, autonomous, and aged 87 and older. These older adults, rigorously assessed in terms of nutrition, clinical health, cognition, and functional abilities, will be visited at home thanks to a specially equipped Mobile Unit designed for research outside traditional research centers. This data collection will deepen our understanding of longevity trajectories.\nUpcoming scientific activities also include the integration of a new cohort composed of approximately 600 first-generation children of living or deceased participants. This will allow for the study of the respective influences of hereditary, social, and environmental factors on aging. This transgenerational component, which is rare on an international scale, paves the way for innovative research on the intergenerational transmission of health and vulnerability.\nFinally, sustained efforts will be made to facilitate access to data and biological samples through secure digital environments and automated extraction tools. This modernization aims to expand the use of the NuAge Database and Biobank, foster partnerships with other major Quebec and international cohorts, and strengthen their scientific and societal impact.<\/p><p>\u00a0<\/p><p>In sum, NuAge stands out as a vital platform for informing public policy, tailoring care to the real needs of older adults, and supporting aging research in Quebec and around the world.<\/p>\t\t\t\t\t\t\t\t<\/div>\n\t\t\t\t<\/div>\n\t\t\t\t\t<\/div>\n\t\t<\/div>\n\t\t\t\t\t<\/div>\n\t\t<\/section>\n\t\t\t\t<section class=\"elementor-section elementor-top-section elementor-element elementor-element-3e4e093 elementor-section-boxed elementor-section-height-default elementor-section-height-default\" data-id=\"3e4e093\" data-element_type=\"section\" data-e-type=\"section\">\n\t\t\t\t\t\t<div class=\"elementor-container elementor-column-gap-default\">\n\t\t\t\t\t<div class=\"elementor-column elementor-col-100 elementor-top-column elementor-element elementor-element-cc1b359\" data-id=\"cc1b359\" data-element_type=\"column\" data-e-type=\"column\">\n\t\t\t<div class=\"elementor-widget-wrap\">\n\t\t\t\t\t\t\t<\/div>\n\t\t<\/div>\n\t\t\t\t\t<\/div>\n\t\t<\/section>\n\t\t\t\t<section class=\"elementor-section elementor-top-section elementor-element elementor-element-bbd8abf elementor-section-boxed elementor-section-height-default elementor-section-height-default\" data-id=\"bbd8abf\" data-element_type=\"section\" data-e-type=\"section\" data-settings=\"{&quot;background_background&quot;:&quot;classic&quot;}\">\n\t\t\t\t\t\t<div class=\"elementor-container elementor-column-gap-no\">\n\t\t\t\t\t<div class=\"elementor-column elementor-col-100 elementor-top-column elementor-element elementor-element-b567c32\" data-id=\"b567c32\" data-element_type=\"column\" data-e-type=\"column\">\n\t\t\t<div class=\"elementor-widget-wrap elementor-element-populated\">\n\t\t\t\t\t\t<div class=\"elementor-element elementor-element-29f4f44 elementor-widget elementor-widget-heading\" data-id=\"29f4f44\" data-element_type=\"widget\" data-e-type=\"widget\" data-widget_type=\"heading.default\">\n\t\t\t\t<div class=\"elementor-widget-container\">\n\t\t\t\t\t<h3 class=\"elementor-heading-title elementor-size-default\">Evolution of Secondary Study Projects and Outcomes<\/h3>\t\t\t\t<\/div>\n\t\t\t\t<\/div>\n\t\t\t\t<div class=\"elementor-element elementor-element-4c4c9ba elementor-widget elementor-widget-text-editor\" data-id=\"4c4c9ba\" data-element_type=\"widget\" data-e-type=\"widget\" data-widget_type=\"text-editor.default\">\n\t\t\t\t<div class=\"elementor-widget-container\">\n\t\t\t\t\t\t\t\t\t<ul><li>106 scientific articles have been published using data from the NuAge cohort<\/li><li>237 scientific presentations (oral, poster, and invited) have been delivered using data from the NuAge cohort<\/li><li>155 students and trainees have used NuAge data or biological samples as part of their academic training<\/li><li>52 doctoral students have used the NuAge cohort for their thesis or research project as part of their degree requirements<\/li><li>$7.1 million in research and operational grants has been awarded to support the NuAge Study and the NuAge Data Banks<\/li><li>65 institutional and media communications have featured the NuAge Data Banks and their secondary projects<\/li><li>19 secondary research projects are underway using the NuAge cohort<\/li><\/ul>\t\t\t\t\t\t\t\t<\/div>\n\t\t\t\t<\/div>\n\t\t\t\t\t<\/div>\n\t\t<\/div>\n\t\t\t\t\t<\/div>\n\t\t<\/section>\n\t\t\t\t<\/div>","protected":false},"excerpt":{"rendered":"<p>NuAge est une cohorte de personnes \u00e2g\u00e9es unique au monde, de par la qualit\u00e9, la diversit\u00e9 et la compl\u00e9mentarit\u00e9 des donn\u00e9es et \u00e9chantillons biologiques qu\u2019elle met \u00e0 la disposition de la communaut\u00e9 scientifique pour la r\u00e9alisation de multiples projets de recherche secondaires.<\/p>","protected":false},"author":3,"featured_media":0,"parent":0,"menu_order":0,"comment_status":"closed","ping_status":"closed","template":"","meta":{"footnotes":""},"class_list":["post-341","page","type-page","status-publish","hentry"],"_links":{"self":[{"href":"https:\/\/nuage.recherche.usherbrooke.ca\/en\/wp-json\/wp\/v2\/pages\/341","targetHints":{"allow":["GET"]}}],"collection":[{"href":"https:\/\/nuage.recherche.usherbrooke.ca\/en\/wp-json\/wp\/v2\/pages"}],"about":[{"href":"https:\/\/nuage.recherche.usherbrooke.ca\/en\/wp-json\/wp\/v2\/types\/page"}],"author":[{"embeddable":true,"href":"https:\/\/nuage.recherche.usherbrooke.ca\/en\/wp-json\/wp\/v2\/users\/3"}],"replies":[{"embeddable":true,"href":"https:\/\/nuage.recherche.usherbrooke.ca\/en\/wp-json\/wp\/v2\/comments?post=341"}],"version-history":[{"count":97,"href":"https:\/\/nuage.recherche.usherbrooke.ca\/en\/wp-json\/wp\/v2\/pages\/341\/revisions"}],"predecessor-version":[{"id":2637,"href":"https:\/\/nuage.recherche.usherbrooke.ca\/en\/wp-json\/wp\/v2\/pages\/341\/revisions\/2637"}],"wp:attachment":[{"href":"https:\/\/nuage.recherche.usherbrooke.ca\/en\/wp-json\/wp\/v2\/media?parent=341"}],"curies":[{"name":"wp","href":"https:\/\/api.w.org\/{rel}","templated":true}]}}